{"id":8511,"date":"2013-11-12T19:54:29","date_gmt":"2013-11-12T18:54:29","guid":{"rendered":"http:\/\/www.theeagles.nl\/?page_id=8511"},"modified":"2024-10-06T11:31:37","modified_gmt":"2024-10-06T09:31:37","slug":"starten-en-nu","status":"publish","type":"page","link":"https:\/\/www.theeagles.nl\/?page_id=8511","title":{"rendered":"Waar begin ik"},"content":{"rendered":"<p>Wil je beginnen met deze hobby, neem dan de volgende informatie eens door.<\/p>\n<p>Je hebt\u00a0 het \u00e9\u00e9n en ander nodig. Wat je nodig hebt is afhankelijk van wat je wilt. Wordt het een vliegtuig of een helikopter?\u00a0 Kies je voor brandstof of elektro, wordt het merk zender FrSky, Futaba, Graupner of Spectrum?<\/p>\n<p>Gelukkig kun je bij ons op de vereniging voldoende informatie krijgen van onze enthousiaste leden.<\/p>\n<p>Het komt regelmatig voor dat een lid een toestel over heeft waar hij mee heeft leren vliegen en nu misschien wel kwijt wil.<\/p>\n<p>Voorkom teleurstelling!\u00a0\u00a0Kom \u00e9\u00e9rst bij ons langs op het veld v\u00f3\u00f3r je iets koopt of bel met \u00e9\u00e9n van de bestuursleden. Wij geven je voor je eerste toestel graag een goed advies<\/p>\n<p>Maak gebruik van de mogelijkheid om met onze Cessna 150 een introductievlucht(en) te maken, dan krijg je een goed gevoel wat modelvliegen inhoud.<\/p>\n<p>&nbsp;<\/p>\n<p>Weergaven: 39<\/p>","protected":false},"excerpt":{"rendered":"<p>Wil je beginnen met deze hobby, neem dan de volgende informatie eens door. Je hebt\u00a0 het \u00e9\u00e9n en ander nodig. Wat je nodig hebt is afhankelijk van wat je wilt. Wordt het een vliegtuig of een helikopter?\u00a0 Kies je voor &hellip; <a href=\"https:\/\/www.theeagles.nl\/?page_id=8511\">Lees verder <span class=\"meta-nav\">&rarr;<\/span><\/a><\/p>\n","protected":false},"author":6,"featured_media":0,"parent":0,"menu_order":0,"comment_status":"open","ping_status":"closed","template":"","meta":{"footnotes":""},"class_list":["post-8511","page","type-page","status-publish","hentry"],"_links":{"self":[{"href":"https:\/\/www.theeagles.nl\/index.php?rest_route=\/wp\/v2\/pages\/8511","targetHints":{"allow":["GET"]}}],"collection":[{"href":"https:\/\/www.theeagles.nl\/index.php?rest_route=\/wp\/v2\/pages"}],"about":[{"href":"https:\/\/www.theeagles.nl\/index.php?rest_route=\/wp\/v2\/types\/page"}],"author":[{"embeddable":true,"href":"https:\/\/www.theeagles.nl\/index.php?rest_route=\/wp\/v2\/users\/6"}],"replies":[{"embeddable":true,"href":"https:\/\/www.theeagles.nl\/index.php?rest_route=%2Fwp%2Fv2%2Fcomments&post=8511"}],"version-history":[{"count":8,"href":"https:\/\/www.theeagles.nl\/index.php?rest_route=\/wp\/v2\/pages\/8511\/revisions"}],"predecessor-version":[{"id":15477,"href":"https:\/\/www.theeagles.nl\/index.php?rest_route=\/wp\/v2\/pages\/8511\/revisions\/15477"}],"wp:attachment":[{"href":"https:\/\/www.theeagles.nl\/index.php?rest_route=%2Fwp%2Fv2%2Fmedia&parent=8511"}],"curies":[{"name":"wp","href":"https:\/\/api.w.org\/{rel}","templated":true}]}}